

{"id":2030,"date":"2024-04-25T12:17:21","date_gmt":"2024-04-25T11:17:21","guid":{"rendered":"https:\/\/obucigrafiku.com\/prodavnica\/ericeira\/"},"modified":"2024-04-25T12:19:36","modified_gmt":"2024-04-25T11:19:36","slug":"ericeira","status":"publish","type":"product","link":"https:\/\/obucigrafiku.com\/en\/prodavnica\/ericeira\/","title":{"rendered":"Ericeira"},"content":{"rendered":"","protected":false},"excerpt":{"rendered":"<p>&#8211; Original artwork<\/p>\n<p>&#8211; Hand-sewn T-shirt<\/p>\n<p>&#8211; 95% finest cotton (brushed cotton), 5% Lycra<\/p>\n<p>&#8211; High-quality screen printing<\/p>\n<p>&#8211; Standard size<\/p>\n<p>&#8211; Washing: turn inside out<\/p>\n<p>&#8211; Washing temperature: 30<sup>o<\/sup>C<\/p>\n","protected":false},"featured_media":2021,"template":"","meta":{"_acf_changed":false},"product_brand":[],"product_cat":[48,49],"product_tag":[],"class_list":{"0":"post-2030","1":"product","2":"type-product","3":"status-publish","4":"has-post-thumbnail","6":"product_cat-t-shirts","7":"product_cat-womens-t-shirts","9":"first","10":"instock","11":"shipping-taxable","12":"purchasable","13":"product-type-variable"},"acf":[],"yoast_head":"<!-- This site is optimized with the Yoast SEO plugin v27.2 - https:\/\/yoast.com\/product\/yoast-seo-wordpress\/ -->\n<title>Ericeira - Obuci grafiku<\/title>\n<meta name=\"description\" content=\"Majica sa umetni\u010dkim delom. Grafika &quot;Ericeira&quot; mladog umetnika Luke Dropca. Originalan umetni\u010dku rad na majici. Ograni\u010den tira\u017e. Autenti\u010dan proizvod.\" \/>\n<meta name=\"robots\" content=\"index, follow, max-snippet:-1, max-image-preview:large, max-video-preview:-1\" \/>\n<link rel=\"canonical\" href=\"https:\/\/obucigrafiku.com\/en\/prodavnica\/ericeira\/\" \/>\n<meta property=\"og:locale\" content=\"en_US\" \/>\n<meta property=\"og:type\" content=\"article\" \/>\n<meta property=\"og:title\" content=\"Ericeira - Obuci grafiku\" \/>\n<meta property=\"og:description\" content=\"Majica sa umetni\u010dkim delom. Grafika &quot;Ericeira&quot; mladog umetnika Luke Dropca. Originalan umetni\u010dku rad na majici. Ograni\u010den tira\u017e. Autenti\u010dan proizvod.\" \/>\n<meta property=\"og:url\" content=\"https:\/\/obucigrafiku.com\/en\/prodavnica\/ericeira\/\" \/>\n<meta property=\"og:site_name\" content=\"Obuci grafiku\" \/>\n<meta property=\"article:modified_time\" content=\"2024-04-25T11:19:36+00:00\" \/>\n<meta property=\"og:image\" content=\"https:\/\/obucigrafiku.com\/wp-content\/uploads\/2024\/04\/MUL_3804.jpg\" \/>\n\t<meta property=\"og:image:width\" content=\"1803\" \/>\n\t<meta property=\"og:image:height\" content=\"1805\" \/>\n\t<meta property=\"og:image:type\" content=\"image\/jpeg\" \/>\n<meta name=\"twitter:card\" content=\"summary_large_image\" \/>\n<meta name=\"twitter:label1\" content=\"Est. reading time\" \/>\n\t<meta name=\"twitter:data1\" content=\"1 minute\" \/>\n<script type=\"application\/ld+json\" class=\"yoast-schema-graph\">{\"@context\":\"https:\/\/schema.org\",\"@graph\":[{\"@type\":\"WebPage\",\"@id\":\"https:\/\/obucigrafiku.com\/en\/prodavnica\/ericeira\/\",\"url\":\"https:\/\/obucigrafiku.com\/en\/prodavnica\/ericeira\/\",\"name\":\"Ericeira - Obuci grafiku\",\"isPartOf\":{\"@id\":\"https:\/\/obucigrafiku.com\/en\/#website\"},\"primaryImageOfPage\":{\"@id\":\"https:\/\/obucigrafiku.com\/en\/prodavnica\/ericeira\/#primaryimage\"},\"image\":{\"@id\":\"https:\/\/obucigrafiku.com\/en\/prodavnica\/ericeira\/#primaryimage\"},\"thumbnailUrl\":\"https:\/\/obucigrafiku.com\/wp-content\/uploads\/2024\/04\/MUL_3804.jpg\",\"datePublished\":\"2024-04-25T11:17:21+00:00\",\"dateModified\":\"2024-04-25T11:19:36+00:00\",\"description\":\"Majica sa umetni\u010dkim delom. Grafika \\\"Ericeira\\\" mladog umetnika Luke Dropca. Originalan umetni\u010dku rad na majici. Ograni\u010den tira\u017e. Autenti\u010dan proizvod.\",\"breadcrumb\":{\"@id\":\"https:\/\/obucigrafiku.com\/en\/prodavnica\/ericeira\/#breadcrumb\"},\"inLanguage\":\"en-US\",\"potentialAction\":[{\"@type\":\"ReadAction\",\"target\":[\"https:\/\/obucigrafiku.com\/en\/prodavnica\/ericeira\/\"]}]},{\"@type\":\"ImageObject\",\"inLanguage\":\"en-US\",\"@id\":\"https:\/\/obucigrafiku.com\/en\/prodavnica\/ericeira\/#primaryimage\",\"url\":\"https:\/\/obucigrafiku.com\/wp-content\/uploads\/2024\/04\/MUL_3804.jpg\",\"contentUrl\":\"https:\/\/obucigrafiku.com\/wp-content\/uploads\/2024\/04\/MUL_3804.jpg\",\"width\":1803,\"height\":1805},{\"@type\":\"BreadcrumbList\",\"@id\":\"https:\/\/obucigrafiku.com\/en\/prodavnica\/ericeira\/#breadcrumb\",\"itemListElement\":[{\"@type\":\"ListItem\",\"position\":1,\"name\":\"Homepage\",\"item\":\"https:\/\/obucigrafiku.com\/en\/\"},{\"@type\":\"ListItem\",\"position\":2,\"name\":\"Prodavnica\",\"item\":\"https:\/\/obucigrafiku.com\/prodavnica\/\"},{\"@type\":\"ListItem\",\"position\":3,\"name\":\"T-shirts\",\"item\":\"https:\/\/obucigrafiku.com\/en\/product-category\/t-shirts\/\"},{\"@type\":\"ListItem\",\"position\":4,\"name\":\"Ericeira\"}]},{\"@type\":\"WebSite\",\"@id\":\"https:\/\/obucigrafiku.com\/en\/#website\",\"url\":\"https:\/\/obucigrafiku.com\/en\/\",\"name\":\"Obuci grafiku\",\"description\":\"majice sa grafikama mladih umetnika\",\"potentialAction\":[{\"@type\":\"SearchAction\",\"target\":{\"@type\":\"EntryPoint\",\"urlTemplate\":\"https:\/\/obucigrafiku.com\/en\/?s={search_term_string}\"},\"query-input\":{\"@type\":\"PropertyValueSpecification\",\"valueRequired\":true,\"valueName\":\"search_term_string\"}}],\"inLanguage\":\"en-US\"}]}<\/script>\n<!-- \/ Yoast SEO plugin. -->","yoast_head_json":{"title":"Ericeira - Obuci grafiku","description":"Majica sa umetni\u010dkim delom. Grafika \"Ericeira\" mladog umetnika Luke Dropca. Originalan umetni\u010dku rad na majici. Ograni\u010den tira\u017e. Autenti\u010dan proizvod.","robots":{"index":"index","follow":"follow","max-snippet":"max-snippet:-1","max-image-preview":"max-image-preview:large","max-video-preview":"max-video-preview:-1"},"canonical":"https:\/\/obucigrafiku.com\/en\/prodavnica\/ericeira\/","og_locale":"en_US","og_type":"article","og_title":"Ericeira - Obuci grafiku","og_description":"Majica sa umetni\u010dkim delom. Grafika \"Ericeira\" mladog umetnika Luke Dropca. Originalan umetni\u010dku rad na majici. Ograni\u010den tira\u017e. Autenti\u010dan proizvod.","og_url":"https:\/\/obucigrafiku.com\/en\/prodavnica\/ericeira\/","og_site_name":"Obuci grafiku","article_modified_time":"2024-04-25T11:19:36+00:00","og_image":[{"width":1803,"height":1805,"url":"https:\/\/obucigrafiku.com\/wp-content\/uploads\/2024\/04\/MUL_3804.jpg","type":"image\/jpeg"}],"twitter_card":"summary_large_image","twitter_misc":{"Est. reading time":"1 minute"},"schema":{"@context":"https:\/\/schema.org","@graph":[{"@type":"WebPage","@id":"https:\/\/obucigrafiku.com\/en\/prodavnica\/ericeira\/","url":"https:\/\/obucigrafiku.com\/en\/prodavnica\/ericeira\/","name":"Ericeira - Obuci grafiku","isPartOf":{"@id":"https:\/\/obucigrafiku.com\/en\/#website"},"primaryImageOfPage":{"@id":"https:\/\/obucigrafiku.com\/en\/prodavnica\/ericeira\/#primaryimage"},"image":{"@id":"https:\/\/obucigrafiku.com\/en\/prodavnica\/ericeira\/#primaryimage"},"thumbnailUrl":"https:\/\/obucigrafiku.com\/wp-content\/uploads\/2024\/04\/MUL_3804.jpg","datePublished":"2024-04-25T11:17:21+00:00","dateModified":"2024-04-25T11:19:36+00:00","description":"Majica sa umetni\u010dkim delom. Grafika \"Ericeira\" mladog umetnika Luke Dropca. Originalan umetni\u010dku rad na majici. Ograni\u010den tira\u017e. Autenti\u010dan proizvod.","breadcrumb":{"@id":"https:\/\/obucigrafiku.com\/en\/prodavnica\/ericeira\/#breadcrumb"},"inLanguage":"en-US","potentialAction":[{"@type":"ReadAction","target":["https:\/\/obucigrafiku.com\/en\/prodavnica\/ericeira\/"]}]},{"@type":"ImageObject","inLanguage":"en-US","@id":"https:\/\/obucigrafiku.com\/en\/prodavnica\/ericeira\/#primaryimage","url":"https:\/\/obucigrafiku.com\/wp-content\/uploads\/2024\/04\/MUL_3804.jpg","contentUrl":"https:\/\/obucigrafiku.com\/wp-content\/uploads\/2024\/04\/MUL_3804.jpg","width":1803,"height":1805},{"@type":"BreadcrumbList","@id":"https:\/\/obucigrafiku.com\/en\/prodavnica\/ericeira\/#breadcrumb","itemListElement":[{"@type":"ListItem","position":1,"name":"Homepage","item":"https:\/\/obucigrafiku.com\/en\/"},{"@type":"ListItem","position":2,"name":"Prodavnica","item":"https:\/\/obucigrafiku.com\/prodavnica\/"},{"@type":"ListItem","position":3,"name":"T-shirts","item":"https:\/\/obucigrafiku.com\/en\/product-category\/t-shirts\/"},{"@type":"ListItem","position":4,"name":"Ericeira"}]},{"@type":"WebSite","@id":"https:\/\/obucigrafiku.com\/en\/#website","url":"https:\/\/obucigrafiku.com\/en\/","name":"Obuci grafiku","description":"majice sa grafikama mladih umetnika","potentialAction":[{"@type":"SearchAction","target":{"@type":"EntryPoint","urlTemplate":"https:\/\/obucigrafiku.com\/en\/?s={search_term_string}"},"query-input":{"@type":"PropertyValueSpecification","valueRequired":true,"valueName":"search_term_string"}}],"inLanguage":"en-US"}]}},"_links":{"self":[{"href":"https:\/\/obucigrafiku.com\/en\/wp-json\/wp\/v2\/product\/2030","targetHints":{"allow":["GET"]}}],"collection":[{"href":"https:\/\/obucigrafiku.com\/en\/wp-json\/wp\/v2\/product"}],"about":[{"href":"https:\/\/obucigrafiku.com\/en\/wp-json\/wp\/v2\/types\/product"}],"wp:featuredmedia":[{"embeddable":true,"href":"https:\/\/obucigrafiku.com\/en\/wp-json\/wp\/v2\/media\/2021"}],"wp:attachment":[{"href":"https:\/\/obucigrafiku.com\/en\/wp-json\/wp\/v2\/media?parent=2030"}],"wp:term":[{"taxonomy":"product_brand","embeddable":true,"href":"https:\/\/obucigrafiku.com\/en\/wp-json\/wp\/v2\/product_brand?post=2030"},{"taxonomy":"product_cat","embeddable":true,"href":"https:\/\/obucigrafiku.com\/en\/wp-json\/wp\/v2\/product_cat?post=2030"},{"taxonomy":"product_tag","embeddable":true,"href":"https:\/\/obucigrafiku.com\/en\/wp-json\/wp\/v2\/product_tag?post=2030"}],"curies":[{"name":"wp","href":"https:\/\/api.w.org\/{rel}","templated":true}]}}