

{"id":1980,"date":"2024-04-25T10:33:23","date_gmt":"2024-04-25T09:33:23","guid":{"rendered":"https:\/\/obucigrafiku.com\/prodavnica\/ptica\/"},"modified":"2024-04-25T10:35:57","modified_gmt":"2024-04-25T09:35:57","slug":"ptica","status":"publish","type":"product","link":"https:\/\/obucigrafiku.com\/en\/prodavnica\/ptica\/","title":{"rendered":"A Bird"},"content":{"rendered":"","protected":false},"excerpt":{"rendered":"<p>&#8211; Original artwork<\/p>\n<p>&#8211; Hand-sewn T-shirt<\/p>\n<p>&#8211; 95% finest cotton (brushed cotton), 5% Lycra<\/p>\n<p>&#8211; High-quality screen printing<\/p>\n<p>&#8211; Standard size<\/p>\n<p>&#8211; Washing: turn inside out<\/p>\n<p>&#8211; Washing temperature: 30<sup>o<\/sup>C<\/p>\n","protected":false},"featured_media":1979,"template":"","meta":{"_acf_changed":false},"product_brand":[],"product_cat":[48,49],"product_tag":[76],"class_list":{"0":"post-1980","1":"product","2":"type-product","3":"status-publish","4":"has-post-thumbnail","6":"product_cat-t-shirts","7":"product_cat-womens-t-shirts","8":"product_tag-ptica-w-en","10":"first","11":"instock","12":"shipping-taxable","13":"purchasable","14":"product-type-variable"},"acf":[],"yoast_head":"<!-- This site is optimized with the Yoast SEO plugin v27.2 - https:\/\/yoast.com\/product\/yoast-seo-wordpress\/ -->\n<title>A Bird - Obuci grafiku<\/title>\n<meta name=\"description\" content=\"Majica sa grafikom &quot;Ptica&quot; umetnika Nikole Velickog. Autenti\u010dan autorski rad. Originalno umetni\u010dko delo na majici. Savremena umetnost. Nikola Velicki dobitnik je najva\u017enijih nacionalnih nagrada za grafiku.\" \/>\n<meta name=\"robots\" content=\"index, follow, max-snippet:-1, max-image-preview:large, max-video-preview:-1\" \/>\n<link rel=\"canonical\" href=\"https:\/\/obucigrafiku.com\/en\/prodavnica\/ptica\/\" \/>\n<meta property=\"og:locale\" content=\"en_US\" \/>\n<meta property=\"og:type\" content=\"article\" \/>\n<meta property=\"og:title\" content=\"A Bird - Obuci grafiku\" \/>\n<meta property=\"og:description\" content=\"Majica sa grafikom &quot;Ptica&quot; umetnika Nikole Velickog. Autenti\u010dan autorski rad. Originalno umetni\u010dko delo na majici. Savremena umetnost. Nikola Velicki dobitnik je najva\u017enijih nacionalnih nagrada za grafiku.\" \/>\n<meta property=\"og:url\" content=\"https:\/\/obucigrafiku.com\/en\/prodavnica\/ptica\/\" \/>\n<meta property=\"og:site_name\" content=\"Obuci grafiku\" \/>\n<meta property=\"article:modified_time\" content=\"2024-04-25T09:35:57+00:00\" \/>\n<meta property=\"og:image\" content=\"https:\/\/obucigrafiku.com\/wp-content\/uploads\/2024\/04\/MUL_3865-1-scaled.jpg\" \/>\n\t<meta property=\"og:image:width\" content=\"2560\" \/>\n\t<meta property=\"og:image:height\" content=\"2560\" \/>\n\t<meta property=\"og:image:type\" content=\"image\/jpeg\" \/>\n<meta name=\"twitter:card\" content=\"summary_large_image\" \/>\n<meta name=\"twitter:label1\" content=\"Est. reading time\" \/>\n\t<meta name=\"twitter:data1\" content=\"1 minute\" \/>\n<script type=\"application\/ld+json\" class=\"yoast-schema-graph\">{\"@context\":\"https:\/\/schema.org\",\"@graph\":[{\"@type\":\"WebPage\",\"@id\":\"https:\/\/obucigrafiku.com\/en\/prodavnica\/ptica\/\",\"url\":\"https:\/\/obucigrafiku.com\/en\/prodavnica\/ptica\/\",\"name\":\"A Bird - Obuci grafiku\",\"isPartOf\":{\"@id\":\"https:\/\/obucigrafiku.com\/en\/#website\"},\"primaryImageOfPage\":{\"@id\":\"https:\/\/obucigrafiku.com\/en\/prodavnica\/ptica\/#primaryimage\"},\"image\":{\"@id\":\"https:\/\/obucigrafiku.com\/en\/prodavnica\/ptica\/#primaryimage\"},\"thumbnailUrl\":\"https:\/\/obucigrafiku.com\/wp-content\/uploads\/2024\/04\/MUL_3865-1-scaled.jpg\",\"datePublished\":\"2024-04-25T09:33:23+00:00\",\"dateModified\":\"2024-04-25T09:35:57+00:00\",\"description\":\"Majica sa grafikom \\\"Ptica\\\" umetnika Nikole Velickog. Autenti\u010dan autorski rad. Originalno umetni\u010dko delo na majici. Savremena umetnost. Nikola Velicki dobitnik je najva\u017enijih nacionalnih nagrada za grafiku.\",\"breadcrumb\":{\"@id\":\"https:\/\/obucigrafiku.com\/en\/prodavnica\/ptica\/#breadcrumb\"},\"inLanguage\":\"en-US\",\"potentialAction\":[{\"@type\":\"ReadAction\",\"target\":[\"https:\/\/obucigrafiku.com\/en\/prodavnica\/ptica\/\"]}]},{\"@type\":\"ImageObject\",\"inLanguage\":\"en-US\",\"@id\":\"https:\/\/obucigrafiku.com\/en\/prodavnica\/ptica\/#primaryimage\",\"url\":\"https:\/\/obucigrafiku.com\/wp-content\/uploads\/2024\/04\/MUL_3865-1-scaled.jpg\",\"contentUrl\":\"https:\/\/obucigrafiku.com\/wp-content\/uploads\/2024\/04\/MUL_3865-1-scaled.jpg\",\"width\":2560,\"height\":2560},{\"@type\":\"BreadcrumbList\",\"@id\":\"https:\/\/obucigrafiku.com\/en\/prodavnica\/ptica\/#breadcrumb\",\"itemListElement\":[{\"@type\":\"ListItem\",\"position\":1,\"name\":\"Homepage\",\"item\":\"https:\/\/obucigrafiku.com\/en\/\"},{\"@type\":\"ListItem\",\"position\":2,\"name\":\"Prodavnica\",\"item\":\"https:\/\/obucigrafiku.com\/prodavnica\/\"},{\"@type\":\"ListItem\",\"position\":3,\"name\":\"T-shirts\",\"item\":\"https:\/\/obucigrafiku.com\/en\/product-category\/t-shirts\/\"},{\"@type\":\"ListItem\",\"position\":4,\"name\":\"A Bird\"}]},{\"@type\":\"WebSite\",\"@id\":\"https:\/\/obucigrafiku.com\/en\/#website\",\"url\":\"https:\/\/obucigrafiku.com\/en\/\",\"name\":\"Obuci grafiku\",\"description\":\"majice sa grafikama mladih umetnika\",\"potentialAction\":[{\"@type\":\"SearchAction\",\"target\":{\"@type\":\"EntryPoint\",\"urlTemplate\":\"https:\/\/obucigrafiku.com\/en\/?s={search_term_string}\"},\"query-input\":{\"@type\":\"PropertyValueSpecification\",\"valueRequired\":true,\"valueName\":\"search_term_string\"}}],\"inLanguage\":\"en-US\"}]}<\/script>\n<!-- \/ Yoast SEO plugin. -->","yoast_head_json":{"title":"A Bird - Obuci grafiku","description":"Majica sa grafikom \"Ptica\" umetnika Nikole Velickog. Autenti\u010dan autorski rad. Originalno umetni\u010dko delo na majici. Savremena umetnost. Nikola Velicki dobitnik je najva\u017enijih nacionalnih nagrada za grafiku.","robots":{"index":"index","follow":"follow","max-snippet":"max-snippet:-1","max-image-preview":"max-image-preview:large","max-video-preview":"max-video-preview:-1"},"canonical":"https:\/\/obucigrafiku.com\/en\/prodavnica\/ptica\/","og_locale":"en_US","og_type":"article","og_title":"A Bird - Obuci grafiku","og_description":"Majica sa grafikom \"Ptica\" umetnika Nikole Velickog. Autenti\u010dan autorski rad. Originalno umetni\u010dko delo na majici. Savremena umetnost. Nikola Velicki dobitnik je najva\u017enijih nacionalnih nagrada za grafiku.","og_url":"https:\/\/obucigrafiku.com\/en\/prodavnica\/ptica\/","og_site_name":"Obuci grafiku","article_modified_time":"2024-04-25T09:35:57+00:00","og_image":[{"width":2560,"height":2560,"url":"https:\/\/obucigrafiku.com\/wp-content\/uploads\/2024\/04\/MUL_3865-1-scaled.jpg","type":"image\/jpeg"}],"twitter_card":"summary_large_image","twitter_misc":{"Est. reading time":"1 minute"},"schema":{"@context":"https:\/\/schema.org","@graph":[{"@type":"WebPage","@id":"https:\/\/obucigrafiku.com\/en\/prodavnica\/ptica\/","url":"https:\/\/obucigrafiku.com\/en\/prodavnica\/ptica\/","name":"A Bird - Obuci grafiku","isPartOf":{"@id":"https:\/\/obucigrafiku.com\/en\/#website"},"primaryImageOfPage":{"@id":"https:\/\/obucigrafiku.com\/en\/prodavnica\/ptica\/#primaryimage"},"image":{"@id":"https:\/\/obucigrafiku.com\/en\/prodavnica\/ptica\/#primaryimage"},"thumbnailUrl":"https:\/\/obucigrafiku.com\/wp-content\/uploads\/2024\/04\/MUL_3865-1-scaled.jpg","datePublished":"2024-04-25T09:33:23+00:00","dateModified":"2024-04-25T09:35:57+00:00","description":"Majica sa grafikom \"Ptica\" umetnika Nikole Velickog. Autenti\u010dan autorski rad. Originalno umetni\u010dko delo na majici. Savremena umetnost. Nikola Velicki dobitnik je najva\u017enijih nacionalnih nagrada za grafiku.","breadcrumb":{"@id":"https:\/\/obucigrafiku.com\/en\/prodavnica\/ptica\/#breadcrumb"},"inLanguage":"en-US","potentialAction":[{"@type":"ReadAction","target":["https:\/\/obucigrafiku.com\/en\/prodavnica\/ptica\/"]}]},{"@type":"ImageObject","inLanguage":"en-US","@id":"https:\/\/obucigrafiku.com\/en\/prodavnica\/ptica\/#primaryimage","url":"https:\/\/obucigrafiku.com\/wp-content\/uploads\/2024\/04\/MUL_3865-1-scaled.jpg","contentUrl":"https:\/\/obucigrafiku.com\/wp-content\/uploads\/2024\/04\/MUL_3865-1-scaled.jpg","width":2560,"height":2560},{"@type":"BreadcrumbList","@id":"https:\/\/obucigrafiku.com\/en\/prodavnica\/ptica\/#breadcrumb","itemListElement":[{"@type":"ListItem","position":1,"name":"Homepage","item":"https:\/\/obucigrafiku.com\/en\/"},{"@type":"ListItem","position":2,"name":"Prodavnica","item":"https:\/\/obucigrafiku.com\/prodavnica\/"},{"@type":"ListItem","position":3,"name":"T-shirts","item":"https:\/\/obucigrafiku.com\/en\/product-category\/t-shirts\/"},{"@type":"ListItem","position":4,"name":"A Bird"}]},{"@type":"WebSite","@id":"https:\/\/obucigrafiku.com\/en\/#website","url":"https:\/\/obucigrafiku.com\/en\/","name":"Obuci grafiku","description":"majice sa grafikama mladih umetnika","potentialAction":[{"@type":"SearchAction","target":{"@type":"EntryPoint","urlTemplate":"https:\/\/obucigrafiku.com\/en\/?s={search_term_string}"},"query-input":{"@type":"PropertyValueSpecification","valueRequired":true,"valueName":"search_term_string"}}],"inLanguage":"en-US"}]}},"_links":{"self":[{"href":"https:\/\/obucigrafiku.com\/en\/wp-json\/wp\/v2\/product\/1980","targetHints":{"allow":["GET"]}}],"collection":[{"href":"https:\/\/obucigrafiku.com\/en\/wp-json\/wp\/v2\/product"}],"about":[{"href":"https:\/\/obucigrafiku.com\/en\/wp-json\/wp\/v2\/types\/product"}],"wp:featuredmedia":[{"embeddable":true,"href":"https:\/\/obucigrafiku.com\/en\/wp-json\/wp\/v2\/media\/1979"}],"wp:attachment":[{"href":"https:\/\/obucigrafiku.com\/en\/wp-json\/wp\/v2\/media?parent=1980"}],"wp:term":[{"taxonomy":"product_brand","embeddable":true,"href":"https:\/\/obucigrafiku.com\/en\/wp-json\/wp\/v2\/product_brand?post=1980"},{"taxonomy":"product_cat","embeddable":true,"href":"https:\/\/obucigrafiku.com\/en\/wp-json\/wp\/v2\/product_cat?post=1980"},{"taxonomy":"product_tag","embeddable":true,"href":"https:\/\/obucigrafiku.com\/en\/wp-json\/wp\/v2\/product_tag?post=1980"}],"curies":[{"name":"wp","href":"https:\/\/api.w.org\/{rel}","templated":true}]}}